{"id":21046,"date":"2021-09-26T02:27:14","date_gmt":"2021-09-26T00:27:14","guid":{"rendered":"https:\/\/lafleursauvage.com\/\/algemene-voorwaarden\/"},"modified":"2021-09-29T22:44:07","modified_gmt":"2021-09-29T20:44:07","slug":"algemene-voorwaarden","status":"publish","type":"page","link":"https:\/\/lafleursauvage.com\/fr\/algemene-voorwaarden\/","title":{"rendered":"Conditions g\u00e9n\u00e9rales"},"content":{"rendered":"\t\t<div data-elementor-type=\"wp-page\" data-elementor-id=\"21046\" class=\"elementor elementor-21046 elementor-6419\" data-elementor-settings=\"{&quot;ha_cmc_init_switcher&quot;:&quot;no&quot;}\" data-elementor-post-type=\"page\">\n\t\t\t\t\t\t<section class=\"elementor-section elementor-top-section elementor-element elementor-element-2a55ffa2 elementor-section-boxed elementor-section-height-default elementor-section-height-default\" data-id=\"2a55ffa2\" data-element_type=\"section\" data-e-type=\"section\" data-settings=\"{&quot;jet_parallax_layout_list&quot;:[{&quot;_id&quot;:&quot;b8d2567&quot;,&quot;jet_parallax_layout_image&quot;:{&quot;url&quot;:&quot;&quot;,&quot;id&quot;:&quot;&quot;,&quot;size&quot;:&quot;&quot;},&quot;jet_parallax_layout_image_tablet&quot;:{&quot;url&quot;:&quot;&quot;,&quot;id&quot;:&quot;&quot;,&quot;size&quot;:&quot;&quot;},&quot;jet_parallax_layout_image_mobile&quot;:{&quot;url&quot;:&quot;&quot;,&quot;id&quot;:&quot;&quot;,&quot;size&quot;:&quot;&quot;},&quot;jet_parallax_layout_speed&quot;:{&quot;unit&quot;:&quot;%&quot;,&quot;size&quot;:50,&quot;sizes&quot;:[]},&quot;jet_parallax_layout_type&quot;:&quot;scroll&quot;,&quot;jet_parallax_layout_direction&quot;:null,&quot;jet_parallax_layout_fx_direction&quot;:null,&quot;jet_parallax_layout_z_index&quot;:&quot;&quot;,&quot;jet_parallax_layout_bg_x&quot;:50,&quot;jet_parallax_layout_bg_x_tablet&quot;:&quot;&quot;,&quot;jet_parallax_layout_bg_x_mobile&quot;:&quot;&quot;,&quot;jet_parallax_layout_bg_y&quot;:50,&quot;jet_parallax_layout_bg_y_tablet&quot;:&quot;&quot;,&quot;jet_parallax_layout_bg_y_mobile&quot;:&quot;&quot;,&quot;jet_parallax_layout_bg_size&quot;:&quot;auto&quot;,&quot;jet_parallax_layout_bg_size_tablet&quot;:&quot;&quot;,&quot;jet_parallax_layout_bg_size_mobile&quot;:&quot;&quot;,&quot;jet_parallax_layout_animation_prop&quot;:&quot;transform&quot;,&quot;jet_parallax_layout_on&quot;:[&quot;desktop&quot;,&quot;tablet&quot;]}],&quot;background_background&quot;:&quot;classic&quot;,&quot;_ha_eqh_enable&quot;:false}\">\n\t\t\t\t\t\t<div class=\"elementor-container elementor-column-gap-default\">\n\t\t\t\t\t<div class=\"elementor-column elementor-col-100 elementor-top-column elementor-element elementor-element-20a97ff9\" data-id=\"20a97ff9\" data-element_type=\"column\" data-e-type=\"column\">\n\t\t\t<div class=\"elementor-widget-wrap\">\n\t\t\t\t\t\t\t<\/div>\n\t\t<\/div>\n\t\t\t\t\t<\/div>\n\t\t<\/section>\n\t\t\t\t<section class=\"elementor-section elementor-top-section elementor-element elementor-element-c6c202a elementor-section-boxed elementor-section-height-default elementor-section-height-default\" data-id=\"c6c202a\" data-element_type=\"section\" data-e-type=\"section\" data-settings=\"{&quot;jet_parallax_layout_list&quot;:[{&quot;_id&quot;:&quot;e148b54&quot;,&quot;jet_parallax_layout_image&quot;:{&quot;url&quot;:&quot;&quot;,&quot;id&quot;:&quot;&quot;,&quot;size&quot;:&quot;&quot;},&quot;jet_parallax_layout_image_tablet&quot;:{&quot;url&quot;:&quot;&quot;,&quot;id&quot;:&quot;&quot;,&quot;size&quot;:&quot;&quot;},&quot;jet_parallax_layout_image_mobile&quot;:{&quot;url&quot;:&quot;&quot;,&quot;id&quot;:&quot;&quot;,&quot;size&quot;:&quot;&quot;},&quot;jet_parallax_layout_speed&quot;:{&quot;unit&quot;:&quot;%&quot;,&quot;size&quot;:50,&quot;sizes&quot;:[]},&quot;jet_parallax_layout_type&quot;:&quot;scroll&quot;,&quot;jet_parallax_layout_direction&quot;:null,&quot;jet_parallax_layout_fx_direction&quot;:null,&quot;jet_parallax_layout_z_index&quot;:&quot;&quot;,&quot;jet_parallax_layout_bg_x&quot;:50,&quot;jet_parallax_layout_bg_x_tablet&quot;:&quot;&quot;,&quot;jet_parallax_layout_bg_x_mobile&quot;:&quot;&quot;,&quot;jet_parallax_layout_bg_y&quot;:50,&quot;jet_parallax_layout_bg_y_tablet&quot;:&quot;&quot;,&quot;jet_parallax_layout_bg_y_mobile&quot;:&quot;&quot;,&quot;jet_parallax_layout_bg_size&quot;:&quot;auto&quot;,&quot;jet_parallax_layout_bg_size_tablet&quot;:&quot;&quot;,&quot;jet_parallax_layout_bg_size_mobile&quot;:&quot;&quot;,&quot;jet_parallax_layout_animation_prop&quot;:&quot;transform&quot;,&quot;jet_parallax_layout_on&quot;:[&quot;desktop&quot;,&quot;tablet&quot;]}],&quot;_ha_eqh_enable&quot;:false}\">\n\t\t\t\t\t\t<div class=\"elementor-container elementor-column-gap-default\">\n\t\t\t\t\t<div class=\"elementor-column elementor-col-50 elementor-top-column elementor-element elementor-element-22741ae6\" data-id=\"22741ae6\" data-element_type=\"column\" data-e-type=\"column\">\n\t\t\t<div class=\"elementor-widget-wrap elementor-element-populated\">\n\t\t\t\t\t\t<div class=\"elementor-element elementor-element-34140c61 elementor-widget elementor-widget-heading\" data-id=\"34140c61\" data-element_type=\"widget\" data-e-type=\"widget\" data-widget_type=\"heading.default\">\n\t\t\t\t<div class=\"elementor-widget-container\">\n\t\t\t\t\t<h1 class=\"elementor-heading-title elementor-size-large\">AVG - GDPR<\/h1>\t\t\t\t<\/div>\n\t\t\t\t<\/div>\n\t\t\t\t<div class=\"elementor-element elementor-element-15177f13 elementor-widget elementor-widget-heading\" data-id=\"15177f13\" data-element_type=\"widget\" data-e-type=\"widget\" data-widget_type=\"heading.default\">\n\t\t\t\t<div class=\"elementor-widget-container\">\n\t\t\t\t\t<h2 class=\"elementor-heading-title elementor-size-default\">CONDITIONS G\u00c9N\u00c9RALES DU SITE WEB<\/h2>\t\t\t\t<\/div>\n\t\t\t\t<\/div>\n\t\t\t\t\t<\/div>\n\t\t<\/div>\n\t\t\t\t<div class=\"elementor-column elementor-col-50 elementor-top-column elementor-element elementor-element-7eddda40\" data-id=\"7eddda40\" data-element_type=\"column\" data-e-type=\"column\">\n\t\t\t<div class=\"elementor-widget-wrap\">\n\t\t\t\t\t\t\t<\/div>\n\t\t<\/div>\n\t\t\t\t\t<\/div>\n\t\t<\/section>\n\t\t\t\t<section class=\"elementor-section elementor-top-section elementor-element elementor-element-51f939f1 elementor-section-boxed elementor-section-height-default elementor-section-height-default\" data-id=\"51f939f1\" data-element_type=\"section\" data-e-type=\"section\" data-settings=\"{&quot;jet_parallax_layout_list&quot;:[{&quot;_id&quot;:&quot;5780919&quot;,&quot;jet_parallax_layout_image&quot;:{&quot;url&quot;:&quot;&quot;,&quot;id&quot;:&quot;&quot;,&quot;size&quot;:&quot;&quot;},&quot;jet_parallax_layout_image_tablet&quot;:{&quot;url&quot;:&quot;&quot;,&quot;id&quot;:&quot;&quot;,&quot;size&quot;:&quot;&quot;},&quot;jet_parallax_layout_image_mobile&quot;:{&quot;url&quot;:&quot;&quot;,&quot;id&quot;:&quot;&quot;,&quot;size&quot;:&quot;&quot;},&quot;jet_parallax_layout_speed&quot;:{&quot;unit&quot;:&quot;%&quot;,&quot;size&quot;:50,&quot;sizes&quot;:[]},&quot;jet_parallax_layout_type&quot;:&quot;scroll&quot;,&quot;jet_parallax_layout_direction&quot;:null,&quot;jet_parallax_layout_fx_direction&quot;:null,&quot;jet_parallax_layout_z_index&quot;:&quot;&quot;,&quot;jet_parallax_layout_bg_x&quot;:50,&quot;jet_parallax_layout_bg_x_tablet&quot;:&quot;&quot;,&quot;jet_parallax_layout_bg_x_mobile&quot;:&quot;&quot;,&quot;jet_parallax_layout_bg_y&quot;:50,&quot;jet_parallax_layout_bg_y_tablet&quot;:&quot;&quot;,&quot;jet_parallax_layout_bg_y_mobile&quot;:&quot;&quot;,&quot;jet_parallax_layout_bg_size&quot;:&quot;auto&quot;,&quot;jet_parallax_layout_bg_size_tablet&quot;:&quot;&quot;,&quot;jet_parallax_layout_bg_size_mobile&quot;:&quot;&quot;,&quot;jet_parallax_layout_animation_prop&quot;:&quot;transform&quot;,&quot;jet_parallax_layout_on&quot;:[&quot;desktop&quot;,&quot;tablet&quot;]}],&quot;_ha_eqh_enable&quot;:false}\">\n\t\t\t\t\t\t<div class=\"elementor-container elementor-column-gap-default\">\n\t\t\t\t\t<div class=\"elementor-column elementor-col-100 elementor-top-column elementor-element elementor-element-3f01276a\" data-id=\"3f01276a\" data-element_type=\"column\" data-e-type=\"column\">\n\t\t\t<div class=\"elementor-widget-wrap elementor-element-populated\">\n\t\t\t\t\t\t<div class=\"elementor-element elementor-element-709bcc94 elementor-widget elementor-widget-text-editor\" data-id=\"709bcc94\" data-element_type=\"widget\" data-e-type=\"widget\" data-widget_type=\"text-editor.default\">\n\t\t\t\t<div class=\"elementor-widget-container\">\n\t\t\t\t\t\t\t\t\t<p>\n<div class=\"ct-ultimate-gdpr-container container\">\n\t\n        <button id=\"ct-ultimate-gdpr-terms-accept\" class=\"ct-ultimate-gdpr-button  \"\n\t\t\t>\n\t\t\tAccepter        <\/button>\n\n\t<\/div><\/p>\n\t\t\t\t\t\t\t\t<\/div>\n\t\t\t\t<\/div>\n\t\t\t\t<div class=\"elementor-element elementor-element-3dbff2bb elementor-widget elementor-widget-text-editor\" data-id=\"3dbff2bb\" data-element_type=\"widget\" data-e-type=\"widget\" data-widget_type=\"text-editor.default\">\n\t\t\t\t<div class=\"elementor-widget-container\">\n\t\t\t\t\t\t\t\t\t<p>la Fleur Sauvage https:\/\/vakantiehuisjemorvan.nl\/ https:\/\/lafleursauvage.com\u00a0<\/p><p>Sur cette page, vous trouverez les conditions g\u00e9n\u00e9rales de https:\/\/vakantiehuisjemorvan.nl \/ https:\/\/lafleursauvage.com, telles que mises \u00e0 disposition par la Fleur Sauvage .<\/p><p>Vous pouvez t\u00e9l\u00e9charger <strong><a href=\"https:\/\/vakantiehuisjemorvan.nl\/wp-content\/uploads\/2021\/07\/ALGEMENE-VOORWAARDEN-LA-FLEUR-SAUVAGE-2021-1.pdf\" target=\"_blank\" rel=\"noopener\">les conditions g\u00e9n\u00e9rales de la maison de vacances <\/a><a href=\"https:\/\/vakantiehuisjemorvan.nl\/wp-content\/uploads\/2021\/07\/ALGEMENE-VOORWAARDEN-LA-FLEUR-SAUVAGE-2021-1.pdf\" target=\"_blank\" rel=\"noopener\">t\u00e9l\u00e9chargement<\/a><a href=\"https:\/\/vakantiehuisjemorvan.nl\/wp-content\/uploads\/2021\/07\/ALGEMENE-VOORWAARDEN-LA-FLEUR-SAUVAGE-2021-1.pdf\" target=\"_blank\" rel=\"noopener\">.<\/a><\/strong><\/p>\t\t\t\t\t\t\t\t<\/div>\n\t\t\t\t<\/div>\n\t\t\t\t<div class=\"elementor-element elementor-element-5d6e14af elementor-widget elementor-widget-text-editor\" data-id=\"5d6e14af\" data-element_type=\"widget\" data-e-type=\"widget\" data-widget_type=\"text-editor.default\">\n\t\t\t\t<div class=\"elementor-widget-container\">\n\t\t\t\t\t\t\t\t\t<p>la Fleur Sauvage https:\/\/vakantiehuisjemorvan.nl\/ https:\/\/lafleursauvage.com\u00a0<\/p><p>Cette page contient les conditions g\u00e9n\u00e9rales du site web https:\/\/vakantiehuisjemorvan.nl \/ https:\/\/lafleursauvage.com, telles qu&#8217;elles ont \u00e9t\u00e9 mises \u00e0 disposition par la Fleur Sauvage.<\/p><p>Dans ces conditions g\u00e9n\u00e9rales, nous indiquons les conditions dans lesquelles nous vous offrons les informations sur notre site web.<\/p><p>Propri\u00e9t\u00e9 intellectuelle<\/p><p>L&#8217;utilisation des informations sur ce site web est gratuite tant que vous ne copiez pas, ne distribuez pas et n&#8217;utilisez pas ces informations de mani\u00e8re abusive. Vous ne pouvez r\u00e9utiliser les informations contenues sur ce site web que conform\u00e9ment aux dispositions du droit imp\u00e9ratif.<\/p><p>Sans le consentement \u00e9crit expr\u00e8s de la Fleur Sauvage, il n&#8217;est pas permis de r\u00e9utiliser les textes, les photographies ou tout autre mat\u00e9riel de ce site web. La propri\u00e9t\u00e9 intellectuelle revient \u00e0 la Fleur Sauvage.<\/p><p>Si applicable:<\/p><p>Pour les prix mentionn\u00e9s sur notre site internet, nous nous effor\u00e7ons d&#8217;\u00eatre le plus pr\u00e9cis possible dans notre repr\u00e9sentation de la r\u00e9alit\u00e9 et des prix vis\u00e9s. Les erreurs commises et reconnues comme des erreurs de programmation ou de frappe ne constituent jamais une raison de revendiquer ou de supposer un contrat ou un accord avec la Fleur Sauvage.<\/p><p>la Fleur Sauvage s&#8217;efforce de maintenir son site Internet aussi \u00e0 jour que possible. Si, malgr\u00e9 ces efforts, les informations ou le contenu de ce site web sont incomplets et\/ou incorrects, nous ne pouvons accepter aucune responsabilit\u00e9.<\/p><p>Les informations et\/ou les produits de ce site web sont propos\u00e9s sans aucune forme de garantie ou de revendication d&#8217;exactitude. Nous nous r\u00e9servons le droit de modifier, de supprimer ou de r\u00e9afficher ces \u00e9l\u00e9ments sans aucun pr\u00e9avis. la Fleur Sauvage d\u00e9cline toute responsabilit\u00e9 quant aux informations contenues sur les sites Internet auxquels nous renvoyons par des liens hypertextes.<\/p><p>Modifications<\/p><p>En cas de modification des pr\u00e9sentes conditions g\u00e9n\u00e9rales, vous trouverez la version la plus r\u00e9cente de la clause de non-responsabilit\u00e9 \u00e0 l&#8217;adresse https:\/\/vakantiehuisjemorvan.nl\/ https:\/\/lafleursauvage.com sur cette page.<\/p>\t\t\t\t\t\t\t\t<\/div>\n\t\t\t\t<\/div>\n\t\t\t\t\t<\/div>\n\t\t<\/div>\n\t\t\t\t\t<\/div>\n\t\t<\/section>\n\t\t\t\t<section class=\"elementor-section elementor-top-section elementor-element elementor-element-43cf90d5 elementor-section-boxed elementor-section-height-default elementor-section-height-default\" data-id=\"43cf90d5\" data-element_type=\"section\" data-e-type=\"section\" data-settings=\"{&quot;jet_parallax_layout_list&quot;:[{&quot;_id&quot;:&quot;3e0a26d&quot;,&quot;jet_parallax_layout_image&quot;:{&quot;url&quot;:&quot;&quot;,&quot;id&quot;:&quot;&quot;,&quot;size&quot;:&quot;&quot;},&quot;jet_parallax_layout_image_tablet&quot;:{&quot;url&quot;:&quot;&quot;,&quot;id&quot;:&quot;&quot;,&quot;size&quot;:&quot;&quot;},&quot;jet_parallax_layout_image_mobile&quot;:{&quot;url&quot;:&quot;&quot;,&quot;id&quot;:&quot;&quot;,&quot;size&quot;:&quot;&quot;},&quot;jet_parallax_layout_speed&quot;:{&quot;unit&quot;:&quot;%&quot;,&quot;size&quot;:50,&quot;sizes&quot;:[]},&quot;jet_parallax_layout_type&quot;:&quot;scroll&quot;,&quot;jet_parallax_layout_direction&quot;:null,&quot;jet_parallax_layout_fx_direction&quot;:null,&quot;jet_parallax_layout_z_index&quot;:&quot;&quot;,&quot;jet_parallax_layout_bg_x&quot;:50,&quot;jet_parallax_layout_bg_x_tablet&quot;:&quot;&quot;,&quot;jet_parallax_layout_bg_x_mobile&quot;:&quot;&quot;,&quot;jet_parallax_layout_bg_y&quot;:50,&quot;jet_parallax_layout_bg_y_tablet&quot;:&quot;&quot;,&quot;jet_parallax_layout_bg_y_mobile&quot;:&quot;&quot;,&quot;jet_parallax_layout_bg_size&quot;:&quot;auto&quot;,&quot;jet_parallax_layout_bg_size_tablet&quot;:&quot;&quot;,&quot;jet_parallax_layout_bg_size_mobile&quot;:&quot;&quot;,&quot;jet_parallax_layout_animation_prop&quot;:&quot;transform&quot;,&quot;jet_parallax_layout_on&quot;:[&quot;desktop&quot;,&quot;tablet&quot;]}],&quot;background_background&quot;:&quot;classic&quot;,&quot;_ha_eqh_enable&quot;:false}\">\n\t\t\t\t\t\t<div class=\"elementor-container elementor-column-gap-default\">\n\t\t\t\t\t\t<\/div>\n\t\t<\/section>\n\t\t\t\t<\/div>\n\t\t","protected":false},"excerpt":{"rendered":"<p>AVG &#8211; GDPR CONDITIONS G\u00c9N\u00c9RALES DU SITE WEB la Fleur Sauvage https:\/\/vakantiehuisjemorvan.nl\/ https:\/\/lafleursauvage.com\u00a0 Sur cette page, vous trouverez les conditions g\u00e9n\u00e9rales de https:\/\/vakantiehuisjemorvan.nl \/ https:\/\/lafleursauvage.com, telles que mises \u00e0 disposition par la Fleur Sauvage . Vous pouvez t\u00e9l\u00e9charger les conditions g\u00e9n\u00e9rales de la maison de vacances t\u00e9l\u00e9chargement. la Fleur Sauvage https:\/\/vakantiehuisjemorvan.nl\/ https:\/\/lafleursauvage.com\u00a0 Cette page contient [&hellip;]<\/p>\n","protected":false},"author":1,"featured_media":0,"parent":0,"menu_order":0,"comment_status":"closed","ping_status":"closed","template":"elementor_header_footer","meta":{"_acf_changed":false,"footnotes":""},"class_list":["post-21046","page","type-page","status-publish","hentry"],"acf":[],"_links":{"self":[{"href":"https:\/\/lafleursauvage.com\/fr\/wp-json\/wp\/v2\/pages\/21046","targetHints":{"allow":["GET"]}}],"collection":[{"href":"https:\/\/lafleursauvage.com\/fr\/wp-json\/wp\/v2\/pages"}],"about":[{"href":"https:\/\/lafleursauvage.com\/fr\/wp-json\/wp\/v2\/types\/page"}],"author":[{"embeddable":true,"href":"https:\/\/lafleursauvage.com\/fr\/wp-json\/wp\/v2\/users\/1"}],"replies":[{"embeddable":true,"href":"https:\/\/lafleursauvage.com\/fr\/wp-json\/wp\/v2\/comments?post=21046"}],"version-history":[{"count":0,"href":"https:\/\/lafleursauvage.com\/fr\/wp-json\/wp\/v2\/pages\/21046\/revisions"}],"wp:attachment":[{"href":"https:\/\/lafleursauvage.com\/fr\/wp-json\/wp\/v2\/media?parent=21046"}],"curies":[{"name":"wp","href":"https:\/\/api.w.org\/{rel}","templated":true}]}}